{"id":7616,"date":"2021-05-18T15:00:38","date_gmt":"2021-05-18T15:00:38","guid":{"rendered":"http:\/\/mynews.es\/?page_id=7616"},"modified":"2024-10-17T09:40:33","modified_gmt":"2024-10-17T09:40:33","slug":"propietat-intellectual","status":"publish","type":"page","link":"https:\/\/mynews.es\/ca\/propietat-intellectual\/","title":{"rendered":"Propietat Intel\u2022lectual"},"content":{"rendered":"\t\t<div data-elementor-type=\"wp-page\" data-elementor-id=\"7616\" class=\"elementor elementor-7616 elementor-7603\" data-elementor-post-type=\"page\">\n\t\t\t\t\t\t<section class=\"elementor-section elementor-top-section elementor-element elementor-element-b25ae95 elementor-section-boxed elementor-section-height-default elementor-section-height-default\" data-id=\"b25ae95\" data-element_type=\"section\" data-settings=\"{&quot;jet_parallax_layout_list&quot;:[{&quot;jet_parallax_layout_image&quot;:{&quot;url&quot;:&quot;&quot;,&quot;id&quot;:&quot;&quot;,&quot;size&quot;:&quot;&quot;},&quot;_id&quot;:&quot;fc66202&quot;,&quot;jet_parallax_layout_image_tablet&quot;:{&quot;url&quot;:&quot;&quot;,&quot;id&quot;:&quot;&quot;,&quot;size&quot;:&quot;&quot;},&quot;jet_parallax_layout_image_mobile&quot;:{&quot;url&quot;:&quot;&quot;,&quot;id&quot;:&quot;&quot;,&quot;size&quot;:&quot;&quot;},&quot;jet_parallax_layout_speed&quot;:{&quot;unit&quot;:&quot;%&quot;,&quot;size&quot;:50,&quot;sizes&quot;:[]},&quot;jet_parallax_layout_type&quot;:&quot;scroll&quot;,&quot;jet_parallax_layout_direction&quot;:&quot;1&quot;,&quot;jet_parallax_layout_fx_direction&quot;:null,&quot;jet_parallax_layout_z_index&quot;:&quot;&quot;,&quot;jet_parallax_layout_bg_x&quot;:50,&quot;jet_parallax_layout_bg_x_tablet&quot;:&quot;&quot;,&quot;jet_parallax_layout_bg_x_mobile&quot;:&quot;&quot;,&quot;jet_parallax_layout_bg_y&quot;:50,&quot;jet_parallax_layout_bg_y_tablet&quot;:&quot;&quot;,&quot;jet_parallax_layout_bg_y_mobile&quot;:&quot;&quot;,&quot;jet_parallax_layout_bg_size&quot;:&quot;auto&quot;,&quot;jet_parallax_layout_bg_size_tablet&quot;:&quot;&quot;,&quot;jet_parallax_layout_bg_size_mobile&quot;:&quot;&quot;,&quot;jet_parallax_layout_animation_prop&quot;:&quot;transform&quot;,&quot;jet_parallax_layout_on&quot;:[&quot;desktop&quot;,&quot;tablet&quot;]}]}\">\n\t\t\t\t\t\t<div class=\"elementor-container elementor-column-gap-default\">\n\t\t\t\t\t<div class=\"elementor-column elementor-col-100 elementor-top-column elementor-element elementor-element-0139282\" data-id=\"0139282\" data-element_type=\"column\">\n\t\t\t<div class=\"elementor-widget-wrap elementor-element-populated\">\n\t\t\t\t\t\t<div class=\"elementor-element elementor-element-c26fd0e elementor-widget elementor-widget-heading\" data-id=\"c26fd0e\" data-element_type=\"widget\" data-widget_type=\"heading.default\">\n\t\t\t\t<div class=\"elementor-widget-container\">\n\t\t\t\t\t<h1 class=\"elementor-heading-title elementor-size-default\">Propietat intel\u00b7lectual\u200b<\/h1>\t\t\t\t<\/div>\n\t\t\t\t<\/div>\n\t\t\t\t<div class=\"elementor-element elementor-element-d5d8962 elementor-widget elementor-widget-text-editor\" data-id=\"d5d8962\" data-element_type=\"widget\" data-widget_type=\"text-editor.default\">\n\t\t\t\t<div class=\"elementor-widget-container\">\n\t\t\t\t\t\t\t\t\t<p style=\"text-align: center;\">Per a l&#8217;elaboraci\u00f3 de revistes de premsa, MyNews ha subscrit el corresponent contracte amb CEDRO. La seva posterior reproducci\u00f3, distribuci\u00f3, transformaci\u00f3 o comunicaci\u00f3 p\u00fablica, en qualsevol mitj\u00e0 i de qualsevol forma, requereix acord amb CEDRO.<\/p>\t\t\t\t\t\t\t\t<\/div>\n\t\t\t\t<\/div>\n\t\t\t\t\t<\/div>\n\t\t<\/div>\n\t\t\t\t\t<\/div>\n\t\t<\/section>\n\t\t\t\t<\/div>\n\t\t","protected":false},"excerpt":{"rendered":"<p>Propietat intel\u00b7lectual\u200b Per a l&#8217;elaboraci\u00f3 de revistes de premsa, MyNews ha subscrit el corresponent contracte amb CEDRO. La seva posterior reproducci\u00f3, distribuci\u00f3, transformaci\u00f3 o comunicaci\u00f3 p\u00fablica, en qualsevol mitj\u00e0 i de qualsevol forma, requereix acord amb CEDRO.<\/p>\n","protected":false},"author":1,"featured_media":0,"parent":0,"menu_order":0,"comment_status":"closed","ping_status":"closed","template":"","meta":{"_acf_changed":false,"footnotes":"","_elementor_edit_mode":"builder","_elementor_template_type":"wp-page","_elementor_data":"[{\"id\":\"b25ae95\",\"elType\":\"section\",\"settings\":{\"jet_parallax_layout_list\":[{\"jet_parallax_layout_image\":{\"url\":\"\"},\"_id\":\"fc66202\"}],\"border_border\":\"solid\",\"border_width\":{\"unit\":\"px\",\"top\":\"0\",\"right\":\"0\",\"bottom\":\"5\",\"left\":\"0\",\"isLinked\":false},\"border_width_mobile\":{\"unit\":\"px\",\"top\":\"0\",\"right\":\"0\",\"bottom\":\"5\",\"left\":\"0\",\"isLinked\":false},\"__globals__\":{\"border_color\":\"globals\\\/colors?id=9176ad1\"}},\"elements\":[{\"id\":\"0139282\",\"elType\":\"column\",\"settings\":{\"_column_size\":100,\"_inline_size\":null,\"margin\":{\"unit\":\"px\",\"top\":\"50\",\"right\":\"150\",\"bottom\":\"50\",\"left\":\"150\",\"isLinked\":false},\"margin_tablet\":{\"unit\":\"px\",\"top\":\"25\",\"right\":\"50\",\"bottom\":\"25\",\"left\":\"50\",\"isLinked\":false},\"margin_mobile\":{\"unit\":\"px\",\"top\":\"25\",\"right\":\"20\",\"bottom\":\"25\",\"left\":\"20\",\"isLinked\":false},\"padding\":{\"unit\":\"px\",\"top\":\"0\",\"right\":\"0\",\"bottom\":\"350\",\"left\":\"0\",\"isLinked\":false}},\"elements\":[{\"id\":\"c26fd0e\",\"elType\":\"widget\",\"settings\":{\"title\":\"Propietat intel\\u00b7lectual\\u200b\",\"typography_typography\":\"custom\",\"typography_font_family\":\"DM Sans\",\"typography_font_size\":{\"unit\":\"px\",\"size\":42,\"sizes\":[]},\"typography_font_weight\":\"700\",\"typography_line_height\":{\"unit\":\"px\",\"size\":42,\"sizes\":[]},\"_margin\":{\"unit\":\"px\",\"top\":\"0\",\"right\":\"0\",\"bottom\":\"0\",\"left\":\"0\",\"isLinked\":false},\"__globals__\":{\"title_color\":\"globals\\\/colors?id=9176ad1\"},\"_margin_tablet\":{\"unit\":\"px\",\"top\":\"0\",\"right\":\"0\",\"bottom\":\"0\",\"left\":\"10\",\"isLinked\":false},\"_margin_mobile\":{\"unit\":\"px\",\"top\":\"0\",\"right\":\"0\",\"bottom\":\"0\",\"left\":\"10\",\"isLinked\":false},\"align\":\"center\",\"header_size\":\"h1\"},\"elements\":[],\"widgetType\":\"heading\"},{\"id\":\"d5d8962\",\"elType\":\"widget\",\"settings\":{\"editor\":\"<p style=\\\"text-align: center;\\\">Per a l'elaboraci\\u00f3 de revistes de premsa, MyNews ha subscrit el corresponent contracte amb CEDRO. La seva posterior reproducci\\u00f3, distribuci\\u00f3, transformaci\\u00f3 o comunicaci\\u00f3 p\\u00fablica, en qualsevol mitj\\u00e0 i de qualsevol forma, requereix acord amb CEDRO.<\\\/p>\",\"typography_typography\":\"custom\",\"typography_font_family\":\"DM Sans\",\"typography_font_size\":{\"unit\":\"px\",\"size\":20,\"sizes\":[]},\"typography_font_weight\":\"400\",\"typography_line_height\":{\"unit\":\"px\",\"size\":26,\"sizes\":[]},\"__globals__\":{\"text_color\":\"globals\\\/colors?id=9176ad1\"}},\"elements\":[],\"widgetType\":\"text-editor\"}],\"isInner\":false}],\"isInner\":false}]","_elementor_page_settings":{"hide_title":"yes"},"_elementor_conditions":[]},"class_list":["post-7616","page","type-page","status-publish","hentry"],"acf":[],"yoast_head":"<!-- This site is optimized with the Yoast SEO plugin v26.7 - https:\/\/yoast.com\/wordpress\/plugins\/seo\/ -->\n<title>Propietat Intel\u2022lectual - My News<\/title>\n<meta name=\"description\" content=\"Per a l&#039;elaboraci\u00f3 de revistes de premsa MyNews ha subscrit el corresponent contracte amb CEDRO-Informaci\u00f3 sobre la propietat intel\u00b7lectual\" \/>\n<meta name=\"robots\" content=\"index, follow, max-snippet:-1, max-image-preview:large, max-video-preview:-1\" \/>\n<link rel=\"canonical\" href=\"https:\/\/mynews.es\/ca\/propietat-intellectual\/\" \/>\n<meta property=\"og:locale\" content=\"ca_ES\" \/>\n<meta property=\"og:type\" content=\"article\" \/>\n<meta property=\"og:title\" content=\"Propietat Intel\u2022lectual - My News\" \/>\n<meta property=\"og:description\" content=\"Per a l&#039;elaboraci\u00f3 de revistes de premsa MyNews ha subscrit el corresponent contracte amb CEDRO-Informaci\u00f3 sobre la propietat intel\u00b7lectual\" \/>\n<meta property=\"og:url\" content=\"https:\/\/mynews.es\/ca\/propietat-intellectual\/\" \/>\n<meta property=\"og:site_name\" content=\"My News\" \/>\n<meta property=\"article:modified_time\" content=\"2024-10-17T09:40:33+00:00\" \/>\n<meta property=\"og:image\" content=\"https:\/\/mynews.es\/wp-content\/uploads\/2025\/01\/logo_my_news.png\" \/>\n\t<meta property=\"og:image:width\" content=\"1200\" \/>\n\t<meta property=\"og:image:height\" content=\"872\" \/>\n\t<meta property=\"og:image:type\" content=\"image\/png\" \/>\n<meta name=\"twitter:card\" content=\"summary_large_image\" \/>\n<meta name=\"twitter:site\" content=\"@MyNews_es\" \/>\n<meta name=\"twitter:label1\" content=\"Temps estimat de lectura\" \/>\n\t<meta name=\"twitter:data1\" content=\"1 minut\" \/>\n<script type=\"application\/ld+json\" class=\"yoast-schema-graph\">{\"@context\":\"https:\/\/schema.org\",\"@graph\":[{\"@type\":\"WebPage\",\"@id\":\"https:\/\/mynews.es\/ca\/propietat-intellectual\/\",\"url\":\"https:\/\/mynews.es\/ca\/propietat-intellectual\/\",\"name\":\"Propietat Intel\u2022lectual - My News\",\"isPartOf\":{\"@id\":\"https:\/\/mynews.es\/#website\"},\"datePublished\":\"2021-05-18T15:00:38+00:00\",\"dateModified\":\"2024-10-17T09:40:33+00:00\",\"description\":\"Per a l'elaboraci\u00f3 de revistes de premsa MyNews ha subscrit el corresponent contracte amb CEDRO-Informaci\u00f3 sobre la propietat intel\u00b7lectual\",\"breadcrumb\":{\"@id\":\"https:\/\/mynews.es\/ca\/propietat-intellectual\/#breadcrumb\"},\"inLanguage\":\"ca\",\"potentialAction\":[{\"@type\":\"ReadAction\",\"target\":[\"https:\/\/mynews.es\/ca\/propietat-intellectual\/\"]}]},{\"@type\":\"BreadcrumbList\",\"@id\":\"https:\/\/mynews.es\/ca\/propietat-intellectual\/#breadcrumb\",\"itemListElement\":[{\"@type\":\"ListItem\",\"position\":1,\"name\":\"Portada\",\"item\":\"https:\/\/mynews.es\/ca\/\"},{\"@type\":\"ListItem\",\"position\":2,\"name\":\"Propietat Intel\u2022lectual\"}]},{\"@type\":\"WebSite\",\"@id\":\"https:\/\/mynews.es\/#website\",\"url\":\"https:\/\/mynews.es\/\",\"name\":\"My News\",\"description\":\"\",\"publisher\":{\"@id\":\"https:\/\/mynews.es\/#organization\"},\"alternateName\":\"MyNews\",\"potentialAction\":[{\"@type\":\"SearchAction\",\"target\":{\"@type\":\"EntryPoint\",\"urlTemplate\":\"https:\/\/mynews.es\/?s={search_term_string}\"},\"query-input\":{\"@type\":\"PropertyValueSpecification\",\"valueRequired\":true,\"valueName\":\"search_term_string\"}}],\"inLanguage\":\"ca\"},{\"@type\":\"Organization\",\"@id\":\"https:\/\/mynews.es\/#organization\",\"name\":\"My News\",\"url\":\"https:\/\/mynews.es\/\",\"logo\":{\"@type\":\"ImageObject\",\"inLanguage\":\"ca\",\"@id\":\"https:\/\/mynews.es\/#\/schema\/logo\/image\/\",\"url\":\"https:\/\/mynews.es\/wp-content\/uploads\/2025\/01\/logo_my_news.png\",\"contentUrl\":\"https:\/\/mynews.es\/wp-content\/uploads\/2025\/01\/logo_my_news.png\",\"width\":1200,\"height\":872,\"caption\":\"My News\"},\"image\":{\"@id\":\"https:\/\/mynews.es\/#\/schema\/logo\/image\/\"},\"sameAs\":[\"https:\/\/x.com\/MyNews_es\",\"https:\/\/www.instagram.com\/mynews.es\",\"https:\/\/www.linkedin.com\/company\/mynews-sl\/\"]}]}<\/script>\n<!-- \/ Yoast SEO plugin. -->","yoast_head_json":{"title":"Propietat Intel\u2022lectual - My News","description":"Per a l'elaboraci\u00f3 de revistes de premsa MyNews ha subscrit el corresponent contracte amb CEDRO-Informaci\u00f3 sobre la propietat intel\u00b7lectual","robots":{"index":"index","follow":"follow","max-snippet":"max-snippet:-1","max-image-preview":"max-image-preview:large","max-video-preview":"max-video-preview:-1"},"canonical":"https:\/\/mynews.es\/ca\/propietat-intellectual\/","og_locale":"ca_ES","og_type":"article","og_title":"Propietat Intel\u2022lectual - My News","og_description":"Per a l'elaboraci\u00f3 de revistes de premsa MyNews ha subscrit el corresponent contracte amb CEDRO-Informaci\u00f3 sobre la propietat intel\u00b7lectual","og_url":"https:\/\/mynews.es\/ca\/propietat-intellectual\/","og_site_name":"My News","article_modified_time":"2024-10-17T09:40:33+00:00","og_image":[{"width":1200,"height":872,"url":"https:\/\/mynews.es\/wp-content\/uploads\/2025\/01\/logo_my_news.png","type":"image\/png"}],"twitter_card":"summary_large_image","twitter_site":"@MyNews_es","twitter_misc":{"Temps estimat de lectura":"1 minut"},"schema":{"@context":"https:\/\/schema.org","@graph":[{"@type":"WebPage","@id":"https:\/\/mynews.es\/ca\/propietat-intellectual\/","url":"https:\/\/mynews.es\/ca\/propietat-intellectual\/","name":"Propietat Intel\u2022lectual - My News","isPartOf":{"@id":"https:\/\/mynews.es\/#website"},"datePublished":"2021-05-18T15:00:38+00:00","dateModified":"2024-10-17T09:40:33+00:00","description":"Per a l'elaboraci\u00f3 de revistes de premsa MyNews ha subscrit el corresponent contracte amb CEDRO-Informaci\u00f3 sobre la propietat intel\u00b7lectual","breadcrumb":{"@id":"https:\/\/mynews.es\/ca\/propietat-intellectual\/#breadcrumb"},"inLanguage":"ca","potentialAction":[{"@type":"ReadAction","target":["https:\/\/mynews.es\/ca\/propietat-intellectual\/"]}]},{"@type":"BreadcrumbList","@id":"https:\/\/mynews.es\/ca\/propietat-intellectual\/#breadcrumb","itemListElement":[{"@type":"ListItem","position":1,"name":"Portada","item":"https:\/\/mynews.es\/ca\/"},{"@type":"ListItem","position":2,"name":"Propietat Intel\u2022lectual"}]},{"@type":"WebSite","@id":"https:\/\/mynews.es\/#website","url":"https:\/\/mynews.es\/","name":"My News","description":"","publisher":{"@id":"https:\/\/mynews.es\/#organization"},"alternateName":"MyNews","potentialAction":[{"@type":"SearchAction","target":{"@type":"EntryPoint","urlTemplate":"https:\/\/mynews.es\/?s={search_term_string}"},"query-input":{"@type":"PropertyValueSpecification","valueRequired":true,"valueName":"search_term_string"}}],"inLanguage":"ca"},{"@type":"Organization","@id":"https:\/\/mynews.es\/#organization","name":"My News","url":"https:\/\/mynews.es\/","logo":{"@type":"ImageObject","inLanguage":"ca","@id":"https:\/\/mynews.es\/#\/schema\/logo\/image\/","url":"https:\/\/mynews.es\/wp-content\/uploads\/2025\/01\/logo_my_news.png","contentUrl":"https:\/\/mynews.es\/wp-content\/uploads\/2025\/01\/logo_my_news.png","width":1200,"height":872,"caption":"My News"},"image":{"@id":"https:\/\/mynews.es\/#\/schema\/logo\/image\/"},"sameAs":["https:\/\/x.com\/MyNews_es","https:\/\/www.instagram.com\/mynews.es","https:\/\/www.linkedin.com\/company\/mynews-sl\/"]}]}},"_links":{"self":[{"href":"https:\/\/mynews.es\/ca\/wp-json\/wp\/v2\/pages\/7616","targetHints":{"allow":["GET"]}}],"collection":[{"href":"https:\/\/mynews.es\/ca\/wp-json\/wp\/v2\/pages"}],"about":[{"href":"https:\/\/mynews.es\/ca\/wp-json\/wp\/v2\/types\/page"}],"author":[{"embeddable":true,"href":"https:\/\/mynews.es\/ca\/wp-json\/wp\/v2\/users\/1"}],"replies":[{"embeddable":true,"href":"https:\/\/mynews.es\/ca\/wp-json\/wp\/v2\/comments?post=7616"}],"version-history":[{"count":20,"href":"https:\/\/mynews.es\/ca\/wp-json\/wp\/v2\/pages\/7616\/revisions"}],"predecessor-version":[{"id":20887,"href":"https:\/\/mynews.es\/ca\/wp-json\/wp\/v2\/pages\/7616\/revisions\/20887"}],"wp:attachment":[{"href":"https:\/\/mynews.es\/ca\/wp-json\/wp\/v2\/media?parent=7616"}],"curies":[{"name":"wp","href":"https:\/\/api.w.org\/{rel}","templated":true}]}}